{"id":3,"date":"2021-03-01T17:38:09","date_gmt":"2021-03-01T16:38:09","guid":{"rendered":"https:\/\/numero00.com\/?page_id=3"},"modified":"2023-12-05T11:53:36","modified_gmt":"2023-12-05T10:53:36","slug":"privacy-policy","status":"publish","type":"page","link":"https:\/\/numero00.com\/it\/privacy-policy\/","title":{"rendered":"PRIVACY POLICY"},"content":{"rendered":"<p><strong><em>Perch\u00e9 questo avviso<\/em><\/strong><\/p>\n<p><em>In questa pagina si descrivono le modalit\u00e0 di gestione del sito in riferimento al trattamento dei dati personali a coloro che interagiscono con i servizi web della\u00a0<\/em><strong><em>Numero 00 srl<\/em><\/strong><em>\u00a0(in seguito denominata \u201cscrivente\u201d). Si tratta di un\u2019informativa che \u00e8 resa\u00a0<\/em><strong><em>ai sensi e dell\u2019art. 13 del Regolamento UE 2016\/679<\/em><\/strong><em>\u00a0(di seguito \u201cRegolamento\u201d). L\u2019informativa \u00e8 resa solo per il sito del Titolare e non anche per altri siti web eventualmente consultati dall\u2019utente tramite link dal sito.<\/em><\/p>\n<p><strong><em>Il Titolare del trattamento<\/em><\/strong><\/p>\n<p><em>A seguito della consultazione di questo sito possono essere trattati dati relativi a persone identificate o identificabili. Il \u201ctitolare\u201d del loro trattamento \u00e8 l\u2019Azienda Numero 00 srl che ha sede in Via Giuseppe babbi 28, Rimini (RN) P.iva 04128720408 in persona del Legale Rappresentante pro-tempore.<\/em><\/p>\n<p><strong><em>Luogo di trattamento dei dati<\/em><\/strong><\/p>\n<p><em>I trattamenti connessi ai servizi web di questo sito hanno luogo presso la predetta sede della scrivente e sono curati solo da personale tecnico incaricato del trattamento. In caso di necessit\u00e0, i dati connessi ad alcuni servizi possono essere trattati dal personale di societ\u00e0 che curano la manutenzione della parte tecnologica del sito (nominate responsabili del trattamento ai sensi dell\u2019art. 28 Reg. UE 2016\/679), presso le sedi delle societ\u00e0 medesime. Un elenco aggiornato di tali responsabili \u00e8 disponibile presso la sede della scrivente.<\/em><\/p>\n<p><strong><em>Tipi di dati trattati<\/em><\/strong><\/p>\n<p><em>Dati Personali Cosa sono i dati personali? I dati personali sono le informazioni che identificano o rendono identificabile, in modo diretto o indiretto, una persona fisica e che possono fornire dettagli sulle sue caratteristiche, le sue abitudini, il tuo stile di vita, le sue relazioni personali, il tuo stato di salute, la sua situazione economica, ecc.. I dati personali si suddividono in:\u00a0dati comuni:\u00a0quelli che permettono l\u2019identificazione diretta, come i dati anagrafici (ad esempio: nome e cognome); Non sono considerati personali i dati raccolti in modo anonimo o in forma aggregata in modo da non consentire pi\u00f9 l\u2019identificazione di una persona fisica specifica, nemmeno in combinazione con altre informazioni o in altri modi. Non raccogliamo e trattiamo in nessun modo dati sensibili e giudiziari.<\/em><\/p>\n<p><strong><em>Come utilizziamo i tuoi dati personali?<\/em><\/strong><\/p>\n<p><em>Le informazioni acquisite vengono utilizzate per:<\/em><\/p>\n<ul>\n<li><em>fornire e migliorare i nostri Servizi<\/em><\/li>\n<li><em>contattarti riguardo al tuo account e ai nostri Servizi<\/em><\/li>\n<li><em>fornirti il Servizio clienti<\/em><\/li>\n<li><em>rilevare, prevenire, mitigare e accertare attivit\u00e0 fraudolente o illegali<\/em><\/li>\n<\/ul>\n<p><em>Maggiori informazioni su come utilizziamo i tuoi dati personali.\u00a0Utilizziamo i dati personali che raccogliamo per le diverse finalit\u00e0 connesse alla prestazione di servizi o vendita di beni, secondo le vigenti normative. Qui di seguito indichiamo in che modo e su quale base giuridica utilizziamo i tuoi dati personali.\u00a0Dati forniti volontariamente dall\u2019utente\u00a0\u2013 L\u2019invio facoltativo, esplicito e volontario di posta elettronica agli indirizzi indicati su questo sito o l\u2019invio di messaggi tramite form dedicati, comporta la successiva acquisizione dell\u2019indirizzo del mittente, necessario per rispondere alle richieste, nonch\u00e9 degli eventuali altri dati personali inseriti nella missiva. Specifiche informative di sintesi verranno progressivamente riportate o visualizzate nelle pagine del sito predisposte per particolari servizi a richiesta.<\/em><\/p>\n<p><strong><em>Finalit\u00e0 e base giuridica del trattamento<\/em><\/strong><\/p>\n<p><em>I dati personali forniti saranno trattati dal Titolare nell\u2019osservanza delle disposizioni del GDPR per le finalit\u00e0 amministrative connesse alle esigenze contrattuali e per i conseguenti adempimenti degli obblighi legali e contrattuali dalle stesse derivanti, nonch\u00e9 il conseguimento di un\u2019efficace gestione dei rapporti commerciali. Il trattamento dei dati si rende quindi necessario per l\u2019adempimento degli obblighi assunti nei confronti dei propri utenti, per l\u2019adempimento degli obblighi previsti dalla legge, da un regolamento o dalla normativa comunitaria e per l\u2019esercizio dei propri diritti in sede giudiziaria. Tali finalit\u00e0 comprendono:\u00a0<\/em><strong><em>a)<\/em><\/strong><em>\u00a0l\u2019acquisizione e la gestione delle tue richieste di prodotti e\/o servizi e connessi adempimenti di carattere amministrativo e fiscale;\u00a0<\/em><strong><em>b)<\/em><\/strong><em>\u00a0fino a tua opposizione, l\u2019invio di comunicazioni commerciali\/promozionali\/informative via posta, telefono, sms, e-mail, anche attraverso l\u2019eventuale iscrizione in mailing list.<\/em><\/p>\n<p><strong><em>Facoltativit\u00e0 del conferimento dei dati<\/em><\/strong><\/p>\n<p><em>Il conferimento dei dati per la\u00a0<\/em><strong><em>finalit\u00e0 a)<\/em><\/strong><em>\u00a0sopra indicata \u00e8 facoltativo, ma necessario per fornire i servizi e i prodotti richiesti. L\u2019eventuale rifiuto del conferimento dei dati comporta l\u2019impossibilit\u00e0 di dare seguito alle finalit\u00e0 del punto a). Il titolare rende noto, inoltre, che l\u2019eventuale comunicazione errata, di una delle informazioni obbligatorie, ha come conseguenza l\u2019impossibilit\u00e0 del titolare di stabilire l\u2019esattezza del trattamento stesso; la possibile mancata corrispondenza dei risultati del trattamento agli eventuali obblighi imposti dalla normativa fiscale, amministrativa e civilistica cui esso \u00e8 indirizzato. Il conferimento dei dati per la\u00a0<\/em><strong><em>finalit\u00e0 b)<\/em><\/strong><em>\u00a0sopra indicata \u00e8 facoltativo. In caso di mancato conferimento, il titolare non potr\u00e0 fornirle il servizio di invio di comunicazioni commerciali\/promozionali\/informative via e-mail, anche attraverso l\u2019eventuale iscrizione in mailing list; resta comunque inteso che il mancato conferimento dei dati per la finalit\u00e0 b) non avr\u00e0 alcuna conseguenza negativa circa la possibilit\u00e0 di usufruire dei servizi indicati nella finalit\u00e0 a).<\/em><\/p>\n<p><strong><em>Comunicazione e diffusione dei dati<\/em><\/strong><\/p>\n<p><em>I dati personali raccolti dal titolare non saranno \u201cdiffusi\u201d, con tale termine intendendosi di darne conoscenza a soggetti indeterminati in qualunque modo, anche mediante la messa a disposizione o consultazione. Per la diffusione verr\u00e0 richiesto specifico consenso. I dati personali dell\u2019interessato potranno invece da noi essere \u201ccomunicati\u201d, con tale termine intendendosi il darne conoscenza a uno o pi\u00f9 soggetti determinati, nei seguenti termini:<\/em><\/p>\n<ul>\n<li><em>collaboratori in qualit\u00e0 di persone autorizzate al trattamento dei dati personali;<\/em><\/li>\n<li><em>studi o societ\u00e0 nell\u2019ambito di rapporti di assistenza e consulenza, anche per il controllo di gestione organizzativa aziendale (materia contabile, amministrativa, legale, tributaria e finanziaria);<\/em><\/li>\n<li><em>a terzi cui il Titolare si rivolge per l\u2019esecuzione di servizi di natura promozionale, professionale e tecnica, in outsourcing e nominati come Responsabili del trattamento, funzionali alle sopra indicate finalit\u00e0;<\/em><\/li>\n<li><em>poste ed altre societ\u00e0 di recapito corrispondenza per la spedizione degli ordini;<\/em><\/li>\n<li><em>a soggetti pubblici che possono accedere ai tuoi dati in forza di disposizioni di legge o di regolamento, nei limiti previsti da tali norme;<\/em><\/li>\n<\/ul>\n<p><em>I soggetti appartenenti alle categorie suddette svolgono la funzione di Responsabile del trattamento dei dati, oppure operano in totale autonomia come distinti Titolari del trattamento.<\/em><\/p>\n<p><strong><em>Modalit\u00e0 del trattamento e conservazione<\/em><\/strong><\/p>\n<p><em>I dati personali sono trattati con strumenti automatizzati e telematici, per il tempo strettamente necessario a conseguire gli scopi per cui sono stati raccolti. Specifiche misure di sicurezza sono osservate per prevenire la perdita dei dati, usi illeciti o non corretti e accessi non autorizzati. I trattamenti connessi ai servizi web sono effettuati presso la sede del Titolare. Il trattamento sar\u00e0 svolto in forma elettronica automatizzata e manuale, con modalit\u00e0 e strumenti volti a garantire la massima sicurezza e riservatezza, ad opera di soggetti di ci\u00f2 appositamente incaricati in ottemperanza a quanto previsto dall\u2019art. 5 Reg. UE 2016\/679. I dati saranno conservati presso le sedi del Titolare o presso le sedi dei terzi di volta in volta identificati per dar seguito ai servizi da fornire per il tempo strettamente necessario per le finalit\u00e0 di cui sopra e comunque non eccedente il periodo di tempo prescritto dalla legge. In conformit\u00e0 alla vigente normativa, specifiche misure di sicurezza sono osservate per prevenire la perdita dei dati, usi illeciti o non corretti ed accessi non autorizzati. I dati personali saranno conservati per un periodo non superiore agli scopi per i quali i dati sono stati raccolti e successivamente trattati, salva la trasformazione in forma anonima.<\/em><\/p>\n<p><strong><em>Durata del trattamento<\/em><\/strong><\/p>\n<p><em>I dati personali dell\u2019interessato saranno conservati per i termini temporali che di seguito si specificano, come indicato al paragrafo 2 dall\u2019art. 13, comma 2, del Regolamento 2016\/679. I dati personali conferiti saranno conservati (in archivi elettronici) fino a quando ritenuti necessari per l\u2019erogazione delle prestazioni e dei servizi richiesti, e successivamente verranno cancellati, salvo sorga l\u2019esigenza di una ulteriore conservazione per consentire al Titolare la difesa dei propri diritti. I dati personali raccolti per finalit\u00e0 di marketing saranno conservati fino alla revoca del consenso.<\/em><\/p>\n<p><strong><em>Esercizio dei diritti da parte dell\u2019interessato<\/em><\/strong><\/p>\n<p><em>Ai sensi degli artt. dal 15 e seguenti del Regolamento, la informiamo relativamente agli obblighi che ha il Titolare nei tuoi riguardi.<\/em><\/p>\n<ul>\n<li><em>hai il diritto di chiedere al Titolare l\u2019accesso ai dati personali, la rettifica o la cancellazione degli stessi, l\u2019integrazione dei dati o la limitazione del trattamento che La riguardano o di opporsi al loro trattamento, nei casi previsti;<\/em><\/li>\n<li><em>hai il diritto di proporre reclamo all\u2019Autorit\u00e0 di Controllo (Garante della Privacy) laddove ritenga che i tuoi dati siano stati trattati in modo illegittimo, raggiungibile al sito Web www.garanteprivacy.it;<\/em><\/li>\n<li><em>Il Titolare garantisce che eventuali rettifiche o cancellazioni o limitazioni del trattamento effettuate su richiesta dell\u2019interessato, salvo che ci\u00f2 si riveli impossibile o implichi uno sforzo sproporzionato \u2013 saranno comunicate dal Titolare a ciascuno dei destinatari cui sono stati trasmessi i dati personali. Il Titolare del trattamento comunica all\u2019interessato tali destinatari qualora l\u2019interessato lo richieda;<\/em><\/li>\n<li><em>In qualsiasi momento potr\u00e0 inoltre revocare il consenso prestato per le finalit\u00e0 sopra indicate, sia principali che secondarie;<\/em><\/li>\n<li><em>L\u2019esercizio dei diritti non \u00e8 soggetto ad alcun vincolo di forma e Le verr\u00e0 fornito riscontro entro i tempi previsti dalla normativa in forma scritta (salvo Sua specifica richiesta di riscontro orale); Per esercitare tali diritti Lei potr\u00e0 rivolgersi in qualunque momento al \u201cTitolare del trattamento\u201d dei tuoi dati personali, che \u00e8 l\u2019Azienda Numero 00 srl che ha sede in Via Giuseppe babbi 28, 47924 Rimini (RN) \u2013 P.IVA 04128720408 \u2013 Email:\u00a0info@numero00.com<\/em><\/li>\n<\/ul>\n<p><em>Ai sensi del medesimo articolo si ha il diritto di chiedere la cancellazione, l\u2019esportazione, la trasformazione in forma anonima o il blocco dei dati trattati in violazione di legge, nonch\u00e9 di opporsi in ogni caso, per motivi legittimi, al loro trattamento. Per qualsiasi richiesta di informazioni e\/o chiarimenti, domande o reclami sul trattamento dei dati personali e per far valere i tuoi diritti come espressi dagli artt. 15 e seguenti del Regolamento, ti puoi rivolgere al Titolare del trattamento:<\/em><\/p>\n<ul>\n<li><em>via e-mail, all\u2019indirizzo:\u00a0info@numero00.com<\/em><\/li>\n<li><em>oppure via posta ordinaria a Numero 00 srl \u2013 Via Giuseppe babbi 28 \u2013 47924 Rimini (RN)<\/em><\/li>\n<\/ul>\n<p><em>\u00a0<\/em><\/p>\n<p><strong><em>Come proteggiamo i tuoi dati personali<\/em><\/strong><\/p>\n<p>Trattiamo i tuoi dati personali con riguardo alla protezione dei diritti e le libert\u00e0 fondamentali delle persone fisiche, verifichiamo e valutiamo regolarmente l\u2019efficacia delle misure tecniche adottate, al fine di garantire la sicurezza del trattamento (dall\u2019art.32 del Regolamento). Ultima revisione:\u00a0<strong>Aprile 2021<\/strong>\u00a0La politica relativa all\u2019uso dei cookie su questo sito \u00e8 consultabile\u00a0<strong>qui:\u00a0<a href=\"https:\/\/numero00.com\/cookie-policy\/\">Cookie Policy<\/a><\/strong><\/p>\n<p><strong><em>INFORMAZIONI SUL TRATTAMENTO DEI DATI PERSONALI<\/em><\/strong><em>\u00a0<\/em><strong><em>degli utenti che consultano il sito web<\/em><\/strong><em>\u00a0<\/em><strong><em>www.numero00.com ai sensi dell\u2019art. 13<\/em><\/strong><em>\u00a0<\/em><strong><em>del Regolamento UE 2016\/679 (GDPR).<\/em><\/strong><\/p>\n<p><em>\u00a0<\/em><\/p>\n","protected":false},"excerpt":{"rendered":"<p>Perch\u00e9 questo avviso In questa pagina si descrivono le modalit\u00e0 di gestione del sito in riferimento al trattamento dei dati personali a coloro che interagiscono con i servizi web della\u00a0Numero 00 srl\u00a0(in seguito denominata \u201cscrivente\u201d). Si tratta di un\u2019informativa che \u00e8 resa\u00a0ai sensi e dell\u2019art. 13 del Regolamento UE 2016\/679\u00a0(di seguito \u201cRegolamento\u201d). L\u2019informativa \u00e8 resa solo per il sito del\u2026<\/p>\n","protected":false},"author":1,"featured_media":0,"parent":0,"menu_order":0,"comment_status":"closed","ping_status":"closed","template":"","meta":{"slim_seo":{"title":"PRIVACY POLICY - Numero00","description":"Perch\u00e9 questo avviso In questa pagina si descrivono le modalit\u00e0 di gestione del sito in riferimento al trattamento dei dati personali a coloro che interagiscono"},"_joinchat":[],"footnotes":""},"class_list":["post-3","page","type-page","status-publish","hentry"],"_links":{"self":[{"href":"https:\/\/numero00.com\/it\/wp-json\/wp\/v2\/pages\/3","targetHints":{"allow":["GET"]}}],"collection":[{"href":"https:\/\/numero00.com\/it\/wp-json\/wp\/v2\/pages"}],"about":[{"href":"https:\/\/numero00.com\/it\/wp-json\/wp\/v2\/types\/page"}],"author":[{"embeddable":true,"href":"https:\/\/numero00.com\/it\/wp-json\/wp\/v2\/users\/1"}],"replies":[{"embeddable":true,"href":"https:\/\/numero00.com\/it\/wp-json\/wp\/v2\/comments?post=3"}],"version-history":[{"count":0,"href":"https:\/\/numero00.com\/it\/wp-json\/wp\/v2\/pages\/3\/revisions"}],"wp:attachment":[{"href":"https:\/\/numero00.com\/it\/wp-json\/wp\/v2\/media?parent=3"}],"curies":[{"name":"wp","href":"https:\/\/api.w.org\/{rel}","templated":true}]}}