{"id":92359,"date":"2021-04-14T18:18:38","date_gmt":"2021-04-14T16:18:38","guid":{"rendered":"https:\/\/numero00.com\/?page_id=92359"},"modified":"2025-03-19T12:31:20","modified_gmt":"2025-03-19T11:31:20","slug":"terms-and-conditions","status":"publish","type":"page","link":"https:\/\/numero00.com\/it\/terms-and-conditions\/","title":{"rendered":"TERMS AND CONDITIONS"},"content":{"rendered":"<p><em>Le presenti condizioni generali di vendita (nel seguito, condizioni generali) hanno per oggetto la disciplina dell\u2019acquisto di prodotti, effettuato a distanza, tramite rete telematica, dal sito http:\/\/www.numero00.com (nel seguito, il sito). Titolare del sito My Mind Srl (nel seguito, numero00) partita iva nr. 04128720408.<\/em><\/p>\n<p><strong><em>ACCETTAZIONE DELLE CONDIZIONI GENERALI DI VENDITA: <\/em><\/strong><em>tutti gli acquisti di prodotti effettuati attraverso il sito (nel seguito, i contratti d\u2019acquisto) dagli utenti che ad esso accedono (nel seguito, i clienti) sono regolati dalle presenti condizioni generali nonch\u00e9 dal codice del consumo (d.lgs. nr. 206\/2005), sezione ii contratti a distanza (artt. 50 \u2013 67) e dalle norme in materia di commercio elettronico (d.lgs. 70\/2003). Con la conclusione dei contratti d\u2019acquisto, secondo procedura, il cliente accetta e si obbliga ad osservare le presenti condizioni generali. il cliente, pertanto, \u00e8 invitato a leggere attentamente, prima di effettuare qualsiasi operazione di acquisto, le presenti condizioni generali e, una volta conclusa la procedura di acquisto prevista dal sito, a stamparle o comunque a conservare, secondo le modalit\u00e0 preferite. My Mind Srl potr\u00e0 modificare, in qualsiasi momento e senza preavviso, il contenuto delle condizioni generali, ai contratti d\u2019acquisto si applicheranno le condizioni generali pubblicate sul sito al momento dell\u2019invio dell\u2019ordine stesso di acquisto da parte del cliente.<\/em><\/p>\n<p><strong><em>PRODOTTI: <\/em><\/strong><em>http:\/\/www.numero00.com \u00e8 un sito telematico di vendita di abbigliamento. tutti i prodotti offerti sono dettagliatamente illustrati nella home page del sito, all\u2019interno delle rispettive sezioni, distinti per categorie di prodotto. La rappresentazione visiva dei prodotti sul sito, ove disponibile, corrisponde normalmente all\u2019immagine fotografica dei prodotti stessi e ha il solo scopo di presentarli per la vendita, senza alcuna garanzia o impegno, da parte di My Mind Srl, circa l\u2019esatta corrispondenza dell\u2019immagine raffigurata sul sito con il prodotto reale. In caso di differenza tra l\u2019immagine e la scheda prodotto scritta, fa sempre fede la descrizione della scheda prodotto.<\/em><\/p>\n<p><strong><em>PROCEDURA D&#8217;ACQUISTO:<\/em><\/strong><em> il cliente pu\u00f2 acquistare i prodotti presenti nel catalogo elettronico Numero 00, dettagliatamente illustrati nella home page del sito http:\/\/www.numero00.com all\u2019interno delle rispettive sezioni per categoria di prodotto, cos\u00ec come descritti nelle relative schede informative contenute nel sito, rispettando le procedure tecniche di accesso ivi illustrate. La pubblicazione dei prodotti esposti sul sito costituisce un invito rivolto al cliente a formulare una proposta contrattuale d\u2019acquisto. l\u2019ordine inviato dal cliente ha valore di proposta contrattuale e comporta la completa conoscenza ed integrale accettazioni delle presenti condizioni generali. L\u2019avvenuta corretta ricezione della proposta del cliente \u00e8 confermata da My Mind Srl mediante una risposta automatica inviata all\u2019indirizzo di posta elettronica comunicato dal cliente e conferma solamente la corretta ricezione della proposta all\u2019interno dei sistemi informativi. tale messaggio di conferma indicher\u00e0 un \u201cnumero ordine\u201d, da utilizzarsi in ogni successiva comunicazione con My Mind Srl. Il messaggio riproporr\u00e0, oltre alle informazioni obbligatorie per legge, tutti i dati inseriti dal cliente il quale si impegna a verificarne la correttezza e a comunicare tempestivamente ogni eventuale correzione. Possibili aggravi di spese determinati da errori nei dati non segnalati tempestivamente, saranno ad esclusivo carico del cliente ciascun ordine pu\u00f2 essere visionato dal cliente sul sito, nella propria area personale, immediatamente dopo l\u2019invio dell\u2019ordine stesso e potr\u00e0 essere annullato fino a quando non verr\u00e0 inviato al magazzino per la preparazione. \u00c8 possibile che si verifichino occasionali non disponibilit\u00e0 dei prodotti offerti, in tal caso, qualora i prodotti scelti dal cliente non siano, in tutto o in parte disponibili, l\u2019ordine verr\u00e0 inviato con i prodotti disponibili dopo aver inviato comunicazione al cliente in merito ai prodotti non disponibili. I pagamenti con carta di credito e PayPal richiedono esclusivamente un\u2019autorizzazione (vedi modalit\u00e0 di pagamento) ovvero una prenotazione del denaro senza effettivo addebito nel momento in cui il cliente inserisce l\u2019ordine. Il pagamento viene pertanto effettivamente addebitato al cliente solo nel momento in cui i prodotti vengono consegnati al corriere incaricato per la spedizione. In questa fase My Mind Srl emetter\u00e0 altres\u00ec la fattura relativa all\u2019ordine. Questo implica che in caso di annullamento dell\u2019ordine da parte del cliente (tramite area riservata o tramite richiesta al servizio clienti) nessun importo sar\u00e0 allo stesso addebitato e pertanto Numero 00 non dovr\u00e0 effettuare alcun rimborso. Ciascun contratto d\u2019acquisto stipulato tra My Mind Srl e il cliente deve intendersi concluso con accettazione dell\u2019ordine da parte di My Mind Srl ha la facolt\u00e0 di accettare o meno, a propria discrezione, l\u2019ordine inviato dal cliente, senza che quest\u2019ultimo possa avanzare pretese o diritti di sorta, a qualsiasi titolo, anche risarcitorio, in caso di mancata accettazione dell\u2019ordine stesso. In particolare, My Mind Srl si riserva il diritto di non accettare proposte di acquisto e cancellare ordini che non diano sufficienti garanzie di solvibilit\u00e0 ovvero qualora \u2013 anche a seguito di confronto con il circuito che gestisce i pagamenti con carte di credito \u2013 risultino anomalie nelle transazioni e nei mezzi di pagamento utilizzati dal cliente. La conferma dell\u2019ordine viene data al cliente nel momento in cui i prodotti vengono consegnati al corriere incaricato per la spedizione con relativa emissione della fattura.<\/em><\/p>\n<p><strong><em>PREZZI DEI PRODOTTI:<\/em><\/strong><em> tutti i prezzi dei prodotti sono chiaramente indicati sul sito. Le spese di consegna sono adeguatamente evidenziate al momento dell\u2019ordine.<\/em><\/p>\n<p><strong><em>MODALITA&#8217; DI CONSEGNA:<\/em><\/strong><em>\u00a0My Mind Srl consegna in tutti i paesi indicati sul sito e la consegna avr\u00e0 luogo senza appuntamento. Il costo e i tempi di consegna varieranno in base al luogo di consegna:<\/em><\/p>\n<ul>\n<li>In Italia il costo di spedizione \u00e8 di \u20ac 6 con tempi di consegna stimati intorno alle 24\/48 ore (se si raggiunge un importo pari o superiore a \u20ac 150 la spedizione sar\u00e0 gratuita).<\/li>\n<li>In Europa il costo di spedizione \u00e8 di \u20ac 11\/17 con tempi di consegna stimati intorno ai 3\/5 giorni lavorativi<\/li>\n<li>Nel resto del mondo il costo di spedizione \u00e8 di \u20ac 36\/51 con tempi di consegna stimati intorno ai 6\/7 giorni lavorativi.<\/li>\n<\/ul>\n<p><em>My Mind Srl emette fattura dei prodotti acquistati, nel momenti in cui i prodotti vengono consegnati al corriere per la spedizione, inviandola tramite e-mail al cliente. per l\u2019emissione della fattura fanno fede le informazioni fornite dal cliente. nessuna variazione dei dati sar\u00e0 possibile dopo l\u2019emissione della fattura stessa. Nessuna responsabilit\u00e0, a qualsiasi titolo, potr\u00e0 essere addebitata dal cliente a My Mind Srl in caso di ritardo nell\u2019evasione dell\u2019ordine o nella consegna dei prodotti oggetto dei contratti d\u2019acquisto. I prodotti ordinati saranno inviati all\u2019indirizzo postale specificato dal cliente. Le consegne verranno effettuate dal luned\u00ec al venerd\u00ec, nel normale orario di ufficio, escluse le festivit\u00e0 nazionali. La consegna \u00e8 ritenuta completata nel momento in cui il prodotto \u00e8 messo a disposizione del cliente all\u2019indirizzo specificato nel modulo d\u2019ordine. In caso di mancata consegna per assenza del destinatario all\u2019indirizzo specificato, il corriere invier\u00e0 una mail di avviso e tenter\u00e0 la consegna il giorno successivo. In caso di impossibilit\u00e0 nell\u2019eseguire la consegna anche il giorno successivo per assenza del destinatario, il servizio clienti tenter\u00e0 di contattare il cliente per programmare una nuova consegna. Nel caso in cui il servizio clienti non dovesse riuscire a contattare il cliente per i successivi 10 giorni o nel caso di ulteriore impossibilit\u00e0 di consegna per assenza del destinatario, i prodotti oggetto dell\u2019ordine saranno riconsegnati a My Mind Srl al momento della consegna dei prodotti da parte del corriere incaricato da My Mind Srl , il cliente \u00e8 tenuto a controllare scrupolosamente:<\/em><\/p>\n<ul>\n<li><em>che l\u2019etichetta anti-effrazione risulti integra e l\u2019imballo non danneggiato o comunque alterato.<\/em><\/li>\n<li><em>che il numero di pezzi in consegna corrisponda a quanto indicato nel documento di trasporto.<\/em><\/li>\n<\/ul>\n<p><em>eventuali danni all\u2019etichetta anti-effrazione, agli imballi e ai prodotti o la mancata corrispondenza del numero dei pezzi\/colli o delle indicazioni devono essere immediatamente contestati dal cliente, che potr\u00e0 contattare My Mind Srl attraverso il servizio clienti specificando l\u2019ordine per il quale si sono verificati tali disguidi. Casi di forza maggiore, indisponibilit\u00e0 di mezzi di trasposto, nonch\u00e9 eventi imprevedibili o inevitabili che provochino un ritardo nelle consegne o rendano le consegne difficili o impossibili ovvero causino un significativo aumento del costo di consegna a carico di My Mind Srl , daranno diritto alla stessa di frazionare, rinviare o cancellare, in tutto o in parte, la consegna prevista ovvero di risolvere il contratto d\u2019acquisto. in tali ipotesi sar\u00e0 cura di My Mind Srl fornire tempestiva ed adeguata comunicazione delle proprie determinazioni all\u2019indirizzo di posta elettronica indicato dal cliente e quest\u2019ultimo avr\u00e0 diritto alla restituzione del prezzo eventualmente gi\u00e0 corrisposto, esclusa qualsiasi<br \/>\nulteriore pretesa, a qualsiasi titolo, nei confronti di My Mind Srl.<\/em><\/p>\n<p><strong><em>MODALITA&#8217; DI PAGAMENTO:<\/em><\/strong><em> Il pagamento dei prodotti acquistati avviene con le seguenti modalit\u00e0:<\/em><\/p>\n<p><strong>Carta di Credito<\/strong>: E&#8217; possibile effettuare acquisti tramite Visa, Mastercard e PostePay.<br \/>\n<strong>PayPal<\/strong>: Scegliendo il metodo di pagamento PayPal, il cliente pu\u00f2 pagare direttamente tramite il proprio conto PayPal. My Mind Srl si riserva il diritto di spedire la merce solo all&#8217;indirizzo indicato sull&#8217;account verificato da PayPal.<br \/>\n<strong>Apple Pay<\/strong>: i clienti possono scegliere di pagare tramite il proprio account Apple Pay.<br \/>\n<strong>Klarna<\/strong>: I clienti potranno scegliere di pagare l&#8217;intero importo del loro ordine tramite il servizio Klarna.<br \/>\n<strong>Contrassegno<\/strong>: I clienti possono scegliere di pagare in contrassegno aggiungendo \u20ac 5,00 per il servizio.<\/p>\n<p><strong><em>DIRITTO DI RECESSO:<\/em><\/strong><em> gli acquisti effettuati sul sito http:\/\/www.numero00.com sono regolati dalle presenti condizioni generali nonch\u00e9 dalla legge italiana sulle vendite per corrispondenza\/a distanza ai sensi dell\u2019art. 64 e s.s. del d. lgs. 206\/2005 (codice del consumo), il cliente consumatore (ossia una persona fisica che acquista la merce per scopi non riferibili alla propria attivit\u00e0 professionale, ovvero senza indicare un riferimento di partita iva) ha diritto di recedere dal contratto di acquisto per qualsiasi motivo e senza fornire spiegazioni, alle condizioni di seguito esposte. Per esercitare tale diritto, il cliente dovr\u00e0 inviare una comunicazione in tale senso, a mezzo raccomandata r\/r, entro 14 (quattordici) giorni lavorativi dalla data di ricevimento della merce. La sostanziale integrit\u00e0 del bene da restituire \u00e8 condizione essenziale per l\u2019esercizio del diritto di recesso. E&#8217; comunque sufficiente che il bene sia restituito in normale stato di conservazione. Una volta verificata l\u2019integrit\u00e0 del prodotto restituito My Mind Srl provveder\u00e0 a rimborsare al cliente l\u2019intero importo pagato per i prodotti di cui al contratto d\u2019acquisto oggetto di recesso, entro e non oltre 30 (trenta) giorni dal rientro dei prodotti medesimi. My Mind Srl provveder\u00e0 a rimborsare l\u2019intero valore dell\u2019ordine, o parte di esso se il recesso fosse parziale, tramite bonifico bancario, ovvero mediante altre modalit\u00e0 appositamente concordate tra My Mind Srl e il cliente. Si precisa che in conformit\u00e0 alla normativa vigente in materia, My Mind Srl provveder\u00e0 a rimborsare al cliente le somme da quest\u2019ultimo corrisposte quale prezzo dei prodotti. Resteranno a carico del cliente le spese necessarie per la restituzione a My Mind Srl dei prodotti oggetto di recesso.<\/em><\/p>\n<p><strong><em>NON CONFORMITA&#8217; DEI PRODOTTI O PRODOTTI DIFETTOSI:<\/em><\/strong><em> prodotti offerti sul sito sono conformi alla legislazione nazionale e comunitaria vigente in Italia. Le immagini e i colori dei prodotti pubblicati sul sito potrebbero differire da quelli reali per effetto delle impostazioni locali dei sistemi e\/o degli strumenti utilizzati per la loro visualizzazione. In caso di difetto di conformit\u00e0 dei prodotti acquistati rispetto alla descrizione pubblicata sul sito ed in caso di prodotto guasto o difettoso, il cliente ha diritto al rimborso o alla sostituzione del bene non conforme. Seguir\u00e0 comunicazione da parte dello staff di My Mind Srl con l\u2019indicazione della modalit\u00e0 di rimborso che potrebbe avvenire anche tramite buoni sconto sul prossimo acquisto superiori al valore della merce da rimborsare, esclusa qualsiasi responsabilit\u00e0 ulteriore di My Mind Srl, a qualunque titolo.<\/em><\/p>\n<p><strong><em>TRATTAMENTO DEI DATI PERSONALI:<\/em><\/strong><em> dati dei clienti sono trattati da My Mind Srl conformemente a quanto previsto dalla normativa vigente in materia di protezione dei dati personali, come specificato nell\u2019informativa presente nella sezione appositamente dedicata, denominata \u201cinformativa sulla privacy\u201d\u201d.<\/em><\/p>\n<p><em><b>COMUNICAZIONI E RECLAMI: <\/b>tutte le comunicazioni o gli eventuali reclami del cliente nei confronti di My Mind Srl relativamente ai contratti d\u2019acquisto, dovranno essere comunicati attraverso gli appositi form di contatto presente all\u2019interno dell\u2019area riservata.<\/em><\/p>\n<p><strong><em>DIRITTI DI PROPRIETA&#8217; INTELLETTUALE:<\/em><\/strong><em>\u00a0tutti i marchi (registrati e non), come pure ogni e qualsiasi opera dell\u2019ingegno, segno distintivo o denominazione, immagine, fotografia, testo scritto o grafico e pi\u00f9 in generale qualsiasi altro bene immateriale protetto dalle leggi e dalle convenzioni internazionali in materia di propriet\u00e0 intellettuale e propriet\u00e0 industriale, riprodotto sul sito restano di esclusiva propriet\u00e0 di My Mind Srl e\/o dei suoi danti causa, senza che dall\u2019accesso al sito e\/o dalla stipulazione dei contratti d\u2019acquisto derivi al cliente alcun diritto sui medesimi. Qualsiasi utilizzazione, anche soltanto parziale, dei medesimi \u00e8 vietata senza la preventiva autorizzazione scritta di My Mind Srl e\/o dei suoi danti causa, a favore dei quali sono riservati, in via esclusiva, tutti i relativi diritti.<\/em><\/p>\n<p><strong><em>FORO COMPETENTE:<\/em><\/strong><em>\u00a0eventuali controversie relative all\u2019interpretazione ed esecuzione dei contratti stipulati in adesione alle presenti condizioni generali saranno risolte davanti all\u2019autorit\u00e0 giudiziaria competente in base alla normativa applicabile, in caso di clienti \u201cconsumatori\u201d, mentre per i clienti \u201cprofessionisti\u201d il foro competente sar\u00e0 Rimini.<\/em><\/p>\n<p>&nbsp;<\/p>\n","protected":false},"excerpt":{"rendered":"<p>Le presenti condizioni generali di vendita (nel seguito, condizioni generali) hanno per oggetto la disciplina dell\u2019acquisto di prodotti, effettuato a distanza, tramite rete telematica, dal sito http:\/\/www.numero00.com (nel seguito, il sito). Titolare del sito My Mind Srl (nel seguito, numero00) partita iva nr. 04128720408. ACCETTAZIONE DELLE CONDIZIONI GENERALI DI VENDITA: tutti gli acquisti di prodotti effettuati attraverso il sito (nel\u2026<\/p>\n","protected":false},"author":1,"featured_media":0,"parent":0,"menu_order":0,"comment_status":"closed","ping_status":"closed","template":"","meta":{"slim_seo":{"title":"TERMS AND CONDITIONS - Numero00","description":"Le presenti condizioni generali di vendita (nel seguito, condizioni generali) hanno per oggetto la disciplina dell\u2019acquisto di prodotti, effettuato a distanza,"},"_joinchat":[],"footnotes":""},"class_list":["post-92359","page","type-page","status-publish","hentry"],"_links":{"self":[{"href":"https:\/\/numero00.com\/it\/wp-json\/wp\/v2\/pages\/92359","targetHints":{"allow":["GET"]}}],"collection":[{"href":"https:\/\/numero00.com\/it\/wp-json\/wp\/v2\/pages"}],"about":[{"href":"https:\/\/numero00.com\/it\/wp-json\/wp\/v2\/types\/page"}],"author":[{"embeddable":true,"href":"https:\/\/numero00.com\/it\/wp-json\/wp\/v2\/users\/1"}],"replies":[{"embeddable":true,"href":"https:\/\/numero00.com\/it\/wp-json\/wp\/v2\/comments?post=92359"}],"version-history":[{"count":0,"href":"https:\/\/numero00.com\/it\/wp-json\/wp\/v2\/pages\/92359\/revisions"}],"wp:attachment":[{"href":"https:\/\/numero00.com\/it\/wp-json\/wp\/v2\/media?parent=92359"}],"curies":[{"name":"wp","href":"https:\/\/api.w.org\/{rel}","templated":true}]}}