{"id":120656,"date":"2025-02-06T19:00:00","date_gmt":"2025-02-06T18:00:00","guid":{"rendered":"https:\/\/numero00.com\/product\/embroydered-hoodie\/"},"modified":"2025-12-29T16:07:10","modified_gmt":"2025-12-29T15:07:10","slug":"embroydered-hoodie","status":"publish","type":"product","link":"https:\/\/numero00.com\/it\/prodotto\/embroydered-hoodie\/","title":{"rendered":"felpa embroydered"},"content":{"rendered":"<p>100%co made in turkey<\/p>\n<p><span class=\"il\">Felpa<\/span>\u00a0diagonale\u00a0<span class=\"il\">con<\/span>\u00a0<span class=\"il\">cappuccio<\/span>\u00a0realizzata in un tessuto di alta qualit\u00e0, morbido e resistente. Il ricamo outline spessorato sulla schiena dona un tocco di originalit\u00e0 al design. Questo capo \u00e8 ideale per un look sportivo ed elegante, perfetto per le giornate pi\u00f9 fresche.<\/p>\n","protected":false},"excerpt":{"rendered":"<p>100%co made in turkey Felpa\u00a0diagonale\u00a0con\u00a0cappuccio\u00a0realizzata in un tessuto di alta qualit\u00e0, morbido e resistente. Il ricamo outline spessorato sulla schiena dona un tocco di originalit\u00e0 al design. Questo capo \u00e8 ideale per un look sportivo ed elegante, perfetto per le giornate pi\u00f9 fresche.<\/p>\n","protected":false},"featured_media":122150,"template":"","meta":{"slim_seo":{"title":"felpa embroydered - Numero00","description":"100%co made in turkey Felpa \u00a0diagonale\u00a0 con \u00a0 cappuccio \u00a0realizzata in un tessuto di alta qualit\u00e0, morbido e resistente. Il ricamo outline spessorato sulla schi"},"_joinchat":[]},"product_brand":[],"product_cat":[472,583],"product_tag":[],"class_list":{"0":"post-120656","1":"product","2":"type-product","3":"status-publish","4":"has-post-thumbnail","6":"product_cat-felpe","7":"product_cat-fw25","9":"first","10":"instock","11":"shipping-taxable","12":"purchasable","13":"product-type-variable"},"_links":{"self":[{"href":"https:\/\/numero00.com\/it\/wp-json\/wp\/v2\/product\/120656","targetHints":{"allow":["GET"]}}],"collection":[{"href":"https:\/\/numero00.com\/it\/wp-json\/wp\/v2\/product"}],"about":[{"href":"https:\/\/numero00.com\/it\/wp-json\/wp\/v2\/types\/product"}],"wp:featuredmedia":[{"embeddable":true,"href":"https:\/\/numero00.com\/it\/wp-json\/wp\/v2\/media\/122150"}],"wp:attachment":[{"href":"https:\/\/numero00.com\/it\/wp-json\/wp\/v2\/media?parent=120656"}],"wp:term":[{"taxonomy":"product_brand","embeddable":true,"href":"https:\/\/numero00.com\/it\/wp-json\/wp\/v2\/product_brand?post=120656"},{"taxonomy":"product_cat","embeddable":true,"href":"https:\/\/numero00.com\/it\/wp-json\/wp\/v2\/product_cat?post=120656"},{"taxonomy":"product_tag","embeddable":true,"href":"https:\/\/numero00.com\/it\/wp-json\/wp\/v2\/product_tag?post=120656"}],"curies":[{"name":"wp","href":"https:\/\/api.w.org\/{rel}","templated":true}]}}