{"id":120693,"date":"2025-02-06T17:50:00","date_gmt":"2025-02-06T16:50:00","guid":{"rendered":"https:\/\/numero00.com\/product\/carpenter-pant\/"},"modified":"2026-01-04T23:34:33","modified_gmt":"2026-01-04T22:34:33","slug":"carpenter-pant","status":"publish","type":"product","link":"https:\/\/numero00.com\/it\/prodotto\/carpenter-pant\/","title":{"rendered":"pantalone carpenter"},"content":{"rendered":"<p>50%co 50%pl made in turkey<\/p>\n<p>Pantaloni leggeri in tessuto cotone\/poliestere, con una vestibilit\u00e0 che garantisce comfort e praticit\u00e0. I rivetti argento a contrasto aggiungono un accento moderno e il patch in silicone sul tascone d\u00e0 un tocco distintivo. Questo capo \u00e8 uno dei best seller della stagione grazie alla sua versatilit\u00e0 e allo stile unico.<\/p>\n","protected":false},"excerpt":{"rendered":"<p>50%co 50%pl made in turkey Pantaloni leggeri in tessuto cotone\/poliestere, con una vestibilit\u00e0 che garantisce comfort e praticit\u00e0. I rivetti argento a contrasto aggiungono un accento moderno e il patch in silicone sul tascone d\u00e0 un tocco distintivo. Questo capo \u00e8 uno dei best seller della stagione grazie alla sua versatilit\u00e0 e allo stile unico.<\/p>\n","protected":false},"featured_media":120393,"template":"","meta":{"slim_seo":{"title":"pantalone carpenter - Numero00","description":"50%co 50%pl made in turkey Pantaloni leggeri in tessuto cotone\/poliestere, con una vestibilit\u00e0 che garantisce comfort e praticit\u00e0. I rivetti argento a contrasto"},"_joinchat":[]},"product_brand":[],"product_cat":[455,473,555,161],"product_tag":[],"class_list":{"0":"post-120693","1":"product","2":"type-product","3":"status-publish","4":"has-post-thumbnail","6":"product_cat-ss25-uomo","7":"product_cat-pantaloni","8":"product_cat-ss25-it","9":"product_cat-saldi","11":"first","12":"instock","13":"shipping-taxable","14":"purchasable","15":"product-type-variable"},"_links":{"self":[{"href":"https:\/\/numero00.com\/it\/wp-json\/wp\/v2\/product\/120693","targetHints":{"allow":["GET"]}}],"collection":[{"href":"https:\/\/numero00.com\/it\/wp-json\/wp\/v2\/product"}],"about":[{"href":"https:\/\/numero00.com\/it\/wp-json\/wp\/v2\/types\/product"}],"wp:featuredmedia":[{"embeddable":true,"href":"https:\/\/numero00.com\/it\/wp-json\/wp\/v2\/media\/120393"}],"wp:attachment":[{"href":"https:\/\/numero00.com\/it\/wp-json\/wp\/v2\/media?parent=120693"}],"wp:term":[{"taxonomy":"product_brand","embeddable":true,"href":"https:\/\/numero00.com\/it\/wp-json\/wp\/v2\/product_brand?post=120693"},{"taxonomy":"product_cat","embeddable":true,"href":"https:\/\/numero00.com\/it\/wp-json\/wp\/v2\/product_cat?post=120693"},{"taxonomy":"product_tag","embeddable":true,"href":"https:\/\/numero00.com\/it\/wp-json\/wp\/v2\/product_tag?post=120693"}],"curies":[{"name":"wp","href":"https:\/\/api.w.org\/{rel}","templated":true}]}}