{"id":121099,"date":"2025-02-05T14:57:00","date_gmt":"2025-02-05T13:57:00","guid":{"rendered":"https:\/\/numero00.com\/product\/elegant-jacket-4\/"},"modified":"2025-10-22T18:09:52","modified_gmt":"2025-10-22T16:09:52","slug":"elegant-jacket-4","status":"publish","type":"product","link":"https:\/\/numero00.com\/it\/prodotto\/elegant-jacket-4\/","title":{"rendered":"elegant jacket"},"content":{"rendered":"<p>75%pl 19%vi 6%ea made in italy<\/p>\n<p>Blazer nero con ricamo del logo sul davanti. Taglio asimmetrico sul fronte con la possibilit\u00e0 di abbottonare la giacca in entrambi i versi grazie ai doppi bottoni. Vestibilit\u00e0 morbida. Un capo che esprime una forte identit\u00e0, perfetto per ogni situazione senza tempo.<\/p>\n","protected":false},"excerpt":{"rendered":"<p>75%pl 19%vi 6%ea made in italy Blazer nero con ricamo del logo sul davanti. Taglio asimmetrico sul fronte con la possibilit\u00e0 di abbottonare la giacca in entrambi i versi grazie ai doppi bottoni. Vestibilit\u00e0 morbida. Un capo che esprime una forte identit\u00e0, perfetto per ogni situazione senza tempo.<\/p>\n","protected":false},"featured_media":120524,"template":"","meta":{"slim_seo":{"title":"elegant jacket - Numero00","description":"75%pl 19%vi 6%ea made in italy Blazer nero con ricamo del logo sul davanti. Taglio asimmetrico sul fronte con la possibilit\u00e0 di abbottonare la giacca in entramb"},"_joinchat":[]},"product_brand":[],"product_cat":[555,559],"product_tag":[],"class_list":{"0":"post-121099","1":"product","2":"type-product","3":"status-publish","4":"has-post-thumbnail","6":"product_cat-ss25-it","7":"product_cat-ss25-donna","9":"first","10":"outofstock","11":"shipping-taxable","12":"purchasable","13":"product-type-variable"},"_links":{"self":[{"href":"https:\/\/numero00.com\/it\/wp-json\/wp\/v2\/product\/121099","targetHints":{"allow":["GET"]}}],"collection":[{"href":"https:\/\/numero00.com\/it\/wp-json\/wp\/v2\/product"}],"about":[{"href":"https:\/\/numero00.com\/it\/wp-json\/wp\/v2\/types\/product"}],"wp:featuredmedia":[{"embeddable":true,"href":"https:\/\/numero00.com\/it\/wp-json\/wp\/v2\/media\/120524"}],"wp:attachment":[{"href":"https:\/\/numero00.com\/it\/wp-json\/wp\/v2\/media?parent=121099"}],"wp:term":[{"taxonomy":"product_brand","embeddable":true,"href":"https:\/\/numero00.com\/it\/wp-json\/wp\/v2\/product_brand?post=121099"},{"taxonomy":"product_cat","embeddable":true,"href":"https:\/\/numero00.com\/it\/wp-json\/wp\/v2\/product_cat?post=121099"},{"taxonomy":"product_tag","embeddable":true,"href":"https:\/\/numero00.com\/it\/wp-json\/wp\/v2\/product_tag?post=121099"}],"curies":[{"name":"wp","href":"https:\/\/api.w.org\/{rel}","templated":true}]}}