{"id":121899,"date":"2025-02-05T12:18:06","date_gmt":"2025-02-05T11:18:06","guid":{"rendered":"https:\/\/numero00.com\/product\/gift-card\/"},"modified":"2025-02-18T18:09:54","modified_gmt":"2025-02-18T17:09:54","slug":"gift-card","status":"publish","type":"product","link":"https:\/\/numero00.com\/it\/prodotto\/gift-card\/","title":{"rendered":"Gift Card"},"content":{"rendered":"<p>*la presente gift card ha validit\u00e0 fino al 31\/03\/2025 dalla data di acquisto, non pu\u00f2 essere convertita in contanti e spendibile in una unica soluzione.<\/p>\n<p>**la presente gift card ha il valore di \u20ac 80.00 ed \u00e8 utilizzabile sull&#8217; acquisto di tutti gli articoli al prezzo di listino.<\/p>\n<p>*** acquistando la gift card verr\u00e0 generato un codice a valore che verr\u00e0 inviato successivamente via mail e dovr\u00e0 essere inserito in fase di check out.<\/p>\n<p>****se il totale dell&#8217; ordine \u00e8 superiore al valore della gift card, la differenza dovr\u00e0 essere saldata successivamente<\/p>\n<p>L&#8217; indirizzo di riferimento per qualsiasi informazione \u00e8: Info@numero00.it<\/p>\n","protected":false},"excerpt":{"rendered":"<p>*la presente gift card ha validit\u00e0 fino al 31\/03\/2025 dalla data di acquisto, non pu\u00f2 essere convertita in contanti e spendibile in una unica soluzione. **la presente gift card ha il valore di \u20ac 80.00 ed \u00e8 utilizzabile sull&#8217; acquisto di tutti gli articoli al prezzo di listino. *** acquistando la gift card verr\u00e0 generato un codice a valore che\u2026<\/p>\n","protected":false},"featured_media":121877,"template":"","meta":{"slim_seo":{"title":"Gift Card - Numero00","description":"*la presente gift card ha validit\u00e0 fino al 31\/03\/2025 dalla data di acquisto, non pu\u00f2 essere convertita in contanti e spendibile in una unica soluzione. **la pr"},"_joinchat":[]},"product_brand":[],"product_cat":[394],"product_tag":[],"class_list":{"0":"post-121899","1":"product","2":"type-product","3":"status-publish","4":"has-post-thumbnail","6":"product_cat-gift","8":"first","9":"instock","10":"shipping-taxable","11":"purchasable","12":"product-type-variable"},"_links":{"self":[{"href":"https:\/\/numero00.com\/it\/wp-json\/wp\/v2\/product\/121899","targetHints":{"allow":["GET"]}}],"collection":[{"href":"https:\/\/numero00.com\/it\/wp-json\/wp\/v2\/product"}],"about":[{"href":"https:\/\/numero00.com\/it\/wp-json\/wp\/v2\/types\/product"}],"wp:featuredmedia":[{"embeddable":true,"href":"https:\/\/numero00.com\/it\/wp-json\/wp\/v2\/media\/121877"}],"wp:attachment":[{"href":"https:\/\/numero00.com\/it\/wp-json\/wp\/v2\/media?parent=121899"}],"wp:term":[{"taxonomy":"product_brand","embeddable":true,"href":"https:\/\/numero00.com\/it\/wp-json\/wp\/v2\/product_brand?post=121899"},{"taxonomy":"product_cat","embeddable":true,"href":"https:\/\/numero00.com\/it\/wp-json\/wp\/v2\/product_cat?post=121899"},{"taxonomy":"product_tag","embeddable":true,"href":"https:\/\/numero00.com\/it\/wp-json\/wp\/v2\/product_tag?post=121899"}],"curies":[{"name":"wp","href":"https:\/\/api.w.org\/{rel}","templated":true}]}}