{"id":122774,"date":"2025-05-21T12:00:45","date_gmt":"2025-05-21T10:00:45","guid":{"rendered":"https:\/\/numero00.com\/?post_type=product&#038;p=122774"},"modified":"2025-11-21T13:41:00","modified_gmt":"2025-11-21T12:41:00","slug":"b2b2b-diamond-2025","status":"publish","type":"product","link":"https:\/\/numero00.com\/it\/prodotto\/b2b2b-diamond-2025\/","title":{"rendered":"b2b2b diamond 2025"},"content":{"rendered":"<p><span style=\"vertical-align: inherit;\">Musica Su b2b Cocoric\u00f2 b2b Numero 00<\/span><\/p>\n<p>Tre attori chiave della scena notturna si riuniscono per la Stagione 2 di una maglietta commemorativa unica. Il know-how della moda di Numero 00 si fonde ancora una volta con due marchi altamente influenti nel panorama della musica elettronica globale, dando vita a una t-shirt in edizione limitata disponibile esclusivamente su www.numero00.com.<\/p>\n<p><span style=\"vertical-align: inherit;\">Questo prodotto ha una vestibilit\u00e0 leggermente oversize. Consigliamo di acquistare la tua taglia abituale per una vestibilit\u00e0 comoda. Se preferisci una vestibilit\u00e0 pi\u00f9 aderente, ti consigliamo di acquistare una taglia in meno.<\/span><\/p>\n<p><span style=\"vertical-align: inherit;\">100% COTONE MADE IN ITALY<\/span><\/p>\n<h3><span style=\"color: #ff2a00;\"><span style=\"vertical-align: inherit;\">PRIMA DI ACQUISTARE IL PRODOTTO, LEGGERE ATTENTAMENTE LE MISURE DELLA T-SHIRT IN QUANTO IL CAMBIO TAGLIA NON SAR\u00c0 DISPONIBILE TRATTANDOSI DI UNA T-SHIRT IN EDIZIONE LIMITATA<\/span><\/span><\/h3>\n","protected":false},"excerpt":{"rendered":"<p>Musica Su b2b Cocoric\u00f2 b2b Numero 00 Tre attori chiave della scena notturna si riuniscono per la Stagione 2 di una maglietta commemorativa unica. Il know-how della moda di Numero 00 si fonde ancora una volta con due marchi altamente influenti nel panorama della musica elettronica globale, dando vita a una t-shirt in edizione limitata disponibile esclusivamente su www.numero00.com. Questo\u2026<\/p>\n","protected":false},"featured_media":122955,"template":"","meta":{"slim_seo":{"title":"b2b2b diamond 2025 - Numero00","description":"Musica Su b2b Cocoric\u00f2 b2b Numero 00 Tre attori chiave della scena notturna si riuniscono per la Stagione 2 di una maglietta commemorativa unica. Il know-how de"},"_joinchat":[]},"product_brand":[],"product_cat":[416,439,455,468],"product_tag":[],"class_list":{"0":"post-122774","1":"product","2":"type-product","3":"status-publish","4":"has-post-thumbnail","6":"product_cat-collab","7":"product_cat-n00-x-musicon","8":"product_cat-ss25-uomo","9":"product_cat-tee","11":"first","12":"outofstock","13":"shipping-taxable","14":"purchasable","15":"product-type-variable"},"_links":{"self":[{"href":"https:\/\/numero00.com\/it\/wp-json\/wp\/v2\/product\/122774","targetHints":{"allow":["GET"]}}],"collection":[{"href":"https:\/\/numero00.com\/it\/wp-json\/wp\/v2\/product"}],"about":[{"href":"https:\/\/numero00.com\/it\/wp-json\/wp\/v2\/types\/product"}],"wp:featuredmedia":[{"embeddable":true,"href":"https:\/\/numero00.com\/it\/wp-json\/wp\/v2\/media\/122955"}],"wp:attachment":[{"href":"https:\/\/numero00.com\/it\/wp-json\/wp\/v2\/media?parent=122774"}],"wp:term":[{"taxonomy":"product_brand","embeddable":true,"href":"https:\/\/numero00.com\/it\/wp-json\/wp\/v2\/product_brand?post=122774"},{"taxonomy":"product_cat","embeddable":true,"href":"https:\/\/numero00.com\/it\/wp-json\/wp\/v2\/product_cat?post=122774"},{"taxonomy":"product_tag","embeddable":true,"href":"https:\/\/numero00.com\/it\/wp-json\/wp\/v2\/product_tag?post=122774"}],"curies":[{"name":"wp","href":"https:\/\/api.w.org\/{rel}","templated":true}]}}