{"id":97014,"date":"2023-12-22T10:20:17","date_gmt":"2023-12-22T09:20:17","guid":{"rendered":"https:\/\/numero00.com\/?post_type=product&#038;p=97014"},"modified":"2026-01-05T14:31:51","modified_gmt":"2026-01-05T13:31:51","slug":"gift-card-3","status":"publish","type":"product","link":"https:\/\/numero00.com\/it\/prodotto\/gift-card-3\/","title":{"rendered":"gift card 3"},"content":{"rendered":"<p>*la presente gift card ha validit\u00e0 fino al 31\/03\/2026 dalla data di acquisto, non pu\u00f2 essere convertita in contanti e spendibile in una unica soluzione.<\/p>\n<p>**la presente gift card ha il valore di \u20ac 500.00 ed \u00e8 utilizzabile sull&#8217; acquisto di tutti gli articoli al prezzo di listino.<\/p>\n<p>*** acquistando la gift card verr\u00e0 generato un codice a valore che verr\u00e0 inviato successivamente via mail e dovr\u00e0 essere inserito in fase di check out.<\/p>\n<p>****se il totale dell&#8217; ordine \u00e8 superiore al valore della gift card, la differenza dovr\u00e0 essere saldata successivamente<\/p>\n<p>L&#8217; indirizzo di riferimento per qualsiasi informazione \u00e8: Info@numero00.it<\/p>\n","protected":false},"excerpt":{"rendered":"<p>*la presente gift card ha validit\u00e0 fino al 31\/03\/2026 dalla data di acquisto, non pu\u00f2 essere convertita in contanti e spendibile in una unica soluzione. **la presente gift card ha il valore di \u20ac 500.00 ed \u00e8 utilizzabile sull&#8217; acquisto di tutti gli articoli al prezzo di listino. *** acquistando la gift card verr\u00e0 generato un codice a valore che\u2026<\/p>\n","protected":false},"featured_media":126893,"template":"","meta":{"slim_seo":{"title":"gift card 3 - Numero00","description":"*la presente gift card ha validit\u00e0 fino al 31\/03\/2026 dalla data di acquisto, non pu\u00f2 essere convertita in contanti e spendibile in una unica soluzione. **la pr"},"_joinchat":[]},"product_brand":[],"product_cat":[394,583,584],"product_tag":[],"class_list":{"0":"post-97014","1":"product","2":"type-product","3":"status-publish","4":"has-post-thumbnail","6":"product_cat-gift","7":"product_cat-fw25","8":"product_cat-fw25w","10":"first","11":"instock","12":"shipping-taxable","13":"purchasable","14":"product-type-simple"},"_links":{"self":[{"href":"https:\/\/numero00.com\/it\/wp-json\/wp\/v2\/product\/97014","targetHints":{"allow":["GET"]}}],"collection":[{"href":"https:\/\/numero00.com\/it\/wp-json\/wp\/v2\/product"}],"about":[{"href":"https:\/\/numero00.com\/it\/wp-json\/wp\/v2\/types\/product"}],"wp:featuredmedia":[{"embeddable":true,"href":"https:\/\/numero00.com\/it\/wp-json\/wp\/v2\/media\/126893"}],"wp:attachment":[{"href":"https:\/\/numero00.com\/it\/wp-json\/wp\/v2\/media?parent=97014"}],"wp:term":[{"taxonomy":"product_brand","embeddable":true,"href":"https:\/\/numero00.com\/it\/wp-json\/wp\/v2\/product_brand?post=97014"},{"taxonomy":"product_cat","embeddable":true,"href":"https:\/\/numero00.com\/it\/wp-json\/wp\/v2\/product_cat?post=97014"},{"taxonomy":"product_tag","embeddable":true,"href":"https:\/\/numero00.com\/it\/wp-json\/wp\/v2\/product_tag?post=97014"}],"curies":[{"name":"wp","href":"https:\/\/api.w.org\/{rel}","templated":true}]}}